{"id":78,"date":"2020-01-25T12:12:48","date_gmt":"2020-01-25T12:12:48","guid":{"rendered":"http:\/\/strafverfahren.de\/?page_id=78"},"modified":"2024-05-21T12:12:18","modified_gmt":"2024-05-21T12:12:18","slug":"datenschutz","status":"publish","type":"page","link":"https:\/\/strafverfahren.de\/?page_id=78","title":{"rendered":"Datenschutz"},"content":{"rendered":"\n<p>Alle pers\u00f6nlichen Daten werden in Einklang mit  den datenschutz-rechtlichen Bestimmungen, insbesondere denen der  Datenschutzgrundverordnung-EU (DSGVO) behandelt.<\/p>\n\n\n\n<p><strong>Name und Anschrift der Verantwortlichen<\/strong><\/p>\n\n\n\n<p>Verantwortlicher im Sinne der Datenschutz-Grundverordnung und  anderer nationaler Datenschutzgesetze der Mitgliedsstaaten sowie  sonstiger datenschutzrechtlicher Bestimmungen ist Herr Rechtsanwalt Dirk Aue, Neanderstr. 76, 40699 Erkrath <\/p>\n\n\n\n<p><strong>Umfang der Verarbeitung personenbezogener Daten<\/strong><\/p>\n\n\n\n<p>Personenbezogene Daten der Besucher der Website werden grunds\u00e4tzlich nur verarbeitet, soweit dies zur funktionsf\u00e4higen  Bereitstellung der Website oder aus Sicherheitsgr\u00fcnden erforderlich ist.<\/p>\n\n\n\n<p><strong>Zugriffsdaten, Hosting und Logfiles<\/strong><\/p>\n\n\n\n<p>Bei jedem Aufruf der Website wird automatisiert die IP-Adresse und weitere <strong>Zugriffsdaten<\/strong>  des aufrufenden Rechners erfasst. Die vor\u00fcbergehende Speicherung der  IP-Adresse durch das System ist schon deshalb notwendig, um eine  Auslieferung der Website an den Rechner des Nutzers zu erm\u00f6glichen.  Hierf\u00fcr muss die IP-Adresse des Nutzers f\u00fcr die Dauer der Sitzung  gespeichert bleiben. F\u00fcr die passende Darstellung wird auch der  Browsertyp und dessen Version verarbeitet. Die vorherige Einholung einer  Einwilligung ist hierbei aus tats\u00e4chlichen Gr\u00fcnden nicht m\u00f6glich ist.  Die Verarbeitung der Daten ist jedoch auch ohne vorherige Einwilligung  durch Art. 6 Abs. 1 lit. f DSGVO gestattet. Die Verarbeitung ist danach  rechtm\u00e4\u00dfig, wenn sie zur Wahrung der berechtigten Interessen des  Verantwortlichen oder eines Dritten erforderlich ist, sofern nicht die  Interessen oder Grundrechte und Grundfreiheiten der betroffenen Person,  die den Schutz personenbezogener Daten erfordern, \u00fcberwiegen,  insbesondere dann, wenn es sich bei der betroffenen Person um ein Kind  handelt.<\/p>\n\n\n\n<p>Die Webseite wird nicht von einem eigenen Server, sondern von einem Hostinganbieter ausgeliefert. Das <strong>Hosting<\/strong> erfolgt durch die Strato AG,  Pascalstra\u00dfe 10, 10587 Berlin in Deutschland. Mit dem Hostinganbieter besteht ein Vertrag zur Auftragsverarbeitung nach Art. 28 DSGVO, der den Anbieter verpflichtet, Daten nur im Rahmen meines Auftrages und meiner Weisungen zu verarbeiten sowie technische und  organisatorische Ma\u00dfnahmen zu treffen, die den besonderen Anforderungen  des Datenschutzes gerecht werden.<\/p>\n\n\n\n<p>Bei dem Abruf der Website werden vom Hostinganbieter <strong>Serverlogfiles<\/strong> erstellt, in denen die Zugriffsdaten IP-Adresse Identit\u00e4t des Clients [soweit \u00fcbertragen] Benutzer-ID des Clients [soweit \u00fcbertragen] Zeitstempel des Zugriffszeitpunktes Informationen \u00fcber die HTTP-Anfrage [Methode, angeforderte Ressource und Protokoll-Version] Statuscode, mit dem der Server auf die Anfrage reagiert hat \u00dcbertragene Datenmenge in Byte Referrer URL [Seite \u00fcber die der Besucher zu unserem Webangebot gelangt ist] und User-Agent [Clientprogramm und Betriebssystem, das der Besucher verwendet) gespeichert werden. <\/p>\n\n\n\n<p>Aus Sicherheitsgr\u00fcnden (z.B. zur Aufkl\u00e4rung  von Angriffen auf den Server, Missbrauch oder \u00e4hnlichem) werden die  IP-Adressen providerseitig 7 Tage lang gespeichert und im Anschluss mit  einem &#8218;x&#8216; anonymisiert. Rechtsgrundlage f\u00fcr die Speicherung ist  ebenfalls Art. 6 Abs. 1 lit. f DSGVO (s.o.).<\/p>\n\n\n\n<p>Die Erfassung der Daten zur Bereitstellung der Website und die \nSpeicherung der Daten in Logfiles ist f\u00fcr den Betrieb der Internetseite \nzwingend erforderlich. Es besteht folglich seitens des Benutzers keine \nWiderspruchsm\u00f6glichkeit.<\/p>\n\n\n\n<p><strong>E-Mail<\/strong><\/p>\n\n\n\n<p>Auf der Website ist eine  E-Mail-Adresse hinterlegt, die es Ihnen erlaubt per E-Mail den Kontakt aufzunehmen. Im Falle der Kontaktaufnahme werden die mit  der E-Mail \u00fcbermittelten personenenbezogenen Daten des Absenders  gespeichert. Die Daten werden ausschlie\u00dflich f\u00fcr die Verarbeitung der  Konversation verwendet. Es erfolgt in diesem Zusammenhang keine  Weitergabe der Daten an Dritte. Rechtsgrundlage f\u00fcr die Verarbeitung der  Daten, die im Zuge einer \u00dcbersendung einer E-Mail \u00fcbermittelt werden,  ist Art. 6 Abs. 1 lit. f DSGVO. Zielt der E-Mail-Kontakt auf den  Abschluss eines Vertrages ab, so ist zus\u00e4tzliche Rechtsgrundlage f\u00fcr die  Verarbeitung Art. 6 Abs. 1 lit. b DSGVO.<\/p>\n\n\n\n<p>Die Daten werden gel\u00f6scht, sobald sie f\u00fcr die Erreichung des \nZweckes ihrer Erhebung nicht mehr erforderlich sind. Dies ist dann der \nFall, wenn die jeweilige Konversation beendet ist. Beendet ist die \nKonversation dann, wenn sich aus den Umst\u00e4nden entnehmen l\u00e4sst, dass der\n betroffene Sachverhalt abschlie\u00dfend gekl\u00e4rt ist.<\/p>\n\n\n\n<p><strong>Ihre Rechte<\/strong><\/p>\n\n\n\n<p>Sie haben jederzeit die M\u00f6glichkeit, der Speicherung Ihrer  personenbezogenen Daten &#8211; insbesondere Ihrer E-Mail-Adresse &#8211; zu  widersprechen. In einem solchen Fall kann die Konversation nicht  fortgef\u00fchrt werden. Alle personenbezogenen Daten, die im Zuge der  Kontaktaufnahme gespeichert wurden, werden in diesem Fall gel\u00f6scht. Den  Widerspruch k\u00f6nnen Sie per E-Mail oder postalisch erheben.<\/p>\n\n\n\n<p>Sie haben ferner das Recht auf unentgeltliche <strong>Auskunft<\/strong> \u00fcber Ihre gespeicherten Daten, ein Recht auf <strong>Berichtigung, Sperrung oder L\u00f6schung <\/strong>dieser Daten, sowie ein Recht auf <strong>\u00dcbertragbarkeit<\/strong>, was bedeutet, dass die gespeicherten Daten in einem strukturierten, g\u00e4ngigen und maschinenlesbaren Format \u00fcbertragen werden.<\/p>\n\n\n\n<p>Unbeschadet eines anderweitigen verwaltungsrechtlichen oder gerichtlichen Rechtsbehelfs steht Ihnen das Recht auf <strong>Beschwerde<\/strong>\n bei einer Aufsichtsbeh\u00f6rde, insbesondere in dem Mitgliedstaat ihres \nAufenthaltsorts, ihres Arbeitsplatzes oder des Orts des mutma\u00dflichen \nVersto\u00dfes, zu, wenn Sie der Ansicht sind, dass die Verarbeitung der Sie \nbetreffenden personenbezogenen Daten gegen die DSGVO verst\u00f6\u00dft. Die \nAufsichtsbeh\u00f6rde, bei der die Beschwerde eingereicht wurde, unterrichtet\n den Beschwerdef\u00fchrer \u00fcber den Stand und die Ergebnisse der Beschwerde \neinschlie\u00dflich der M\u00f6glichkeit eines gerichtlichen Rechtsbehelfs nach \nArt. 78 DSGVO.<\/p>\n","protected":false},"excerpt":{"rendered":"<p>Alle pers\u00f6nlichen Daten werden in Einklang mit den datenschutz-rechtlichen Bestimmungen, insbesondere denen der Datenschutzgrundverordnung-EU (DSGVO) behandelt. Name und Anschrift der Verantwortlichen Verantwortlicher im Sinne der Datenschutz-Grundverordnung und anderer nationaler Datenschutzgesetze der Mitgliedsstaaten sowie sonstiger datenschutzrechtlicher Bestimmungen ist Herr Rechtsanwalt Dirk Aue, Neanderstr. 76, 40699 Erkrath Umfang der Verarbeitung personenbezogener Daten Personenbezogene Daten der Besucher der &hellip; <\/p>\n<p class=\"link-more\"><a href=\"https:\/\/strafverfahren.de\/?page_id=78\" class=\"more-link\"><span class=\"screen-reader-text\">\u201eDatenschutz\u201c <\/span>weiterlesen<\/a><\/p>\n","protected":false},"author":1,"featured_media":0,"parent":0,"menu_order":0,"comment_status":"closed","ping_status":"closed","template":"","meta":{"footnotes":""},"class_list":["post-78","page","type-page","status-publish","hentry","entry"],"_links":{"self":[{"href":"https:\/\/strafverfahren.de\/index.php?rest_route=\/wp\/v2\/pages\/78","targetHints":{"allow":["GET"]}}],"collection":[{"href":"https:\/\/strafverfahren.de\/index.php?rest_route=\/wp\/v2\/pages"}],"about":[{"href":"https:\/\/strafverfahren.de\/index.php?rest_route=\/wp\/v2\/types\/page"}],"author":[{"embeddable":true,"href":"https:\/\/strafverfahren.de\/index.php?rest_route=\/wp\/v2\/users\/1"}],"replies":[{"embeddable":true,"href":"https:\/\/strafverfahren.de\/index.php?rest_route=%2Fwp%2Fv2%2Fcomments&post=78"}],"version-history":[{"count":3,"href":"https:\/\/strafverfahren.de\/index.php?rest_route=\/wp\/v2\/pages\/78\/revisions"}],"predecessor-version":[{"id":514,"href":"https:\/\/strafverfahren.de\/index.php?rest_route=\/wp\/v2\/pages\/78\/revisions\/514"}],"wp:attachment":[{"href":"https:\/\/strafverfahren.de\/index.php?rest_route=%2Fwp%2Fv2%2Fmedia&parent=78"}],"curies":[{"name":"wp","href":"https:\/\/api.w.org\/{rel}","templated":true}]}}