{"id":5,"date":"2019-12-03T19:52:56","date_gmt":"2019-12-03T19:52:56","guid":{"rendered":"http:\/\/strafverfahren.de\/?page_id=5"},"modified":"2023-07-28T10:28:02","modified_gmt":"2023-07-28T10:28:02","slug":"5-2","status":"publish","type":"page","link":"https:\/\/strafverfahren.de\/","title":{"rendered":"Steuer(straf)recht und Beitrags(straf)recht"},"content":{"rendered":"\n<div class=\"wp-block-media-text alignwide has-media-on-the-right is-image-fill has-light-gray-background-color has-background\"><div class=\"wp-block-media-text__content\">\n<p>Rechtsanwalt<br>Dirk Aue<\/p>\n\n\n\n<p>Fachanwalt f\u00fcr Strafrecht \n\n<\/p>\n<\/div><figure class=\"wp-block-media-text__media\" style=\"background-image:url(https:\/\/strafverfahren.de\/wp-content\/uploads\/2023\/07\/aue.jpg);background-position:40% 20%\"><img loading=\"lazy\" decoding=\"async\" width=\"664\" height=\"1000\" src=\"https:\/\/strafverfahren.de\/wp-content\/uploads\/2023\/07\/aue.jpg\" alt=\"\" class=\"wp-image-501 size-full\" srcset=\"https:\/\/strafverfahren.de\/wp-content\/uploads\/2023\/07\/aue.jpg 664w, https:\/\/strafverfahren.de\/wp-content\/uploads\/2023\/07\/aue-199x300.jpg 199w\" sizes=\"auto, (max-width: 664px) 100vw, 664px\" \/><\/figure><\/div>\n\n\n\n<p>Neanderstra\u00dfe 76<br>40699 Erkrath<br>Telefon: +49 173 \/ 187 56 34\u202c<br>eMail: aue@strafverfahren.de<\/p>\n\n\n\n<ul class=\"wp-block-list\">\n<li>Steuerstrafverfahren\n<ul class=\"wp-block-list\">\n<li>Verteidigung bei Vorwurf der Steuerhinterziehung (Kassenmanipulation, Schwarzeink\u00e4ufe, Karussellgesch\u00e4fte, ungekl\u00e4rte Zahlungseing\u00e4nge, nicht erkl\u00e4rte Schenkungen \/ Erbschaften, Schwarzeinnahmen)<\/li>\n\n\n\n<li>Selbstanzeige (einfache steuerliche Berichtigung oder Selbstanzeige, Kl\u00e4rung des Berichtigungsumfangs, Pr\u00fcfung von Sperrgr\u00fcnden, Abwicklung der Veranlagung)<\/li>\n<\/ul>\n<\/li>\n\n\n\n<li>Beitragsstrafverfahren\n<ul class=\"wp-block-list\">\n<li>Verteidigung gegen den Vorwurf der Beitragsvorenthaltung,<br>\u00a7 266a StGB (Schwarzarbeit, Scheinselbst\u00e4ndigkeit, Abdeckrechnungen, Serviceunternehmen, Mindestlohnunterschreitung)<\/li>\n<\/ul>\n<\/li>\n\n\n\n<li>Betriebspr\u00fcfung\n<ul class=\"wp-block-list\">\n<li>Vertretung in der Au\u00dfenpr\u00fcfung (formelle und materielle Buchhaltungsm\u00e4ngel, Sch\u00e4tzung, Kalkulation, tats\u00e4chliche Verst\u00e4ndigung)<\/li>\n<\/ul>\n<\/li>\n\n\n\n<li>Steuerliche Haftung\n<ul class=\"wp-block-list\">\n<li>Abwehr steuerlicher Haftungsinanspruchnahme (Gesch\u00e4ftsf\u00fchrerhaftung, Haftung des Steuerhinterziehers, Haftung bei Betriebs\u00fcbergang)<\/li>\n<\/ul>\n<\/li>\n\n\n\n<li>Steuerliches Einspruchsverfahren\n<ul class=\"wp-block-list\">\n<li>Vertretung im Rechtsbehelfsverfahren (Einspruch, Aussetzung der Vollziehung, einstweilige Anordnung)<\/li>\n<\/ul>\n<\/li>\n\n\n\n<li>Klageverfahren vor den Finanzgerichten\n<ul class=\"wp-block-list\">\n<li>Vertretung vor den Finanzgerichten (Anfechtungsklage, Leistungsklage, Er\u00f6rterung, m\u00fcndliche Verhandlung)<\/li>\n\n\n\n<li>und dem Bundesfinanzhof (Nichtzulassungsbeschwerde, Revision)<\/li>\n<\/ul>\n<\/li>\n\n\n\n<li>Steuerliche Erhebung- und Vollstreckung\n<ul class=\"wp-block-list\">\n<li>Antr\u00e4ge im Erhebungsverfahren (Stundung, Erlass) und Vollstreckungsabwehr (Vollstreckungsaufschub, Abwendung einzelner Vollstreckungsma\u00dfnahmen)<\/li>\n<\/ul>\n<\/li>\n\n\n\n<li>Beitragsrechtliches Widerspruchsverfahren\n<ul class=\"wp-block-list\">\n<li>Vertretung im Rechtsbehelfsverfahren gegen die Rentenversicherung und die Krankenkassen als Einzugstellen (Sozialversicherungsbeitr\u00e4ge, SOKA-BAU)<\/li>\n<\/ul>\n<\/li>\n\n\n\n<li>Klageverfahren vor den Sozialgerichten\n<ul class=\"wp-block-list\">\n<li>Klage gegen Widerspruchsbescheide der Rentenversicherung im Beitragsverfahren<\/li>\n<\/ul>\n<\/li>\n<\/ul>\n\n\n\n<p><\/p>\n","protected":false},"excerpt":{"rendered":"<p>RechtsanwaltDirk Aue Fachanwalt f\u00fcr Strafrecht Neanderstra\u00dfe 7640699 ErkrathTelefon: +49 173 \/ 187 56 34\u202ceMail: aue@strafverfahren.de<\/p>\n","protected":false},"author":1,"featured_media":0,"parent":0,"menu_order":0,"comment_status":"closed","ping_status":"closed","template":"","meta":{"footnotes":""},"class_list":["post-5","page","type-page","status-publish","hentry","entry"],"_links":{"self":[{"href":"https:\/\/strafverfahren.de\/index.php?rest_route=\/wp\/v2\/pages\/5","targetHints":{"allow":["GET"]}}],"collection":[{"href":"https:\/\/strafverfahren.de\/index.php?rest_route=\/wp\/v2\/pages"}],"about":[{"href":"https:\/\/strafverfahren.de\/index.php?rest_route=\/wp\/v2\/types\/page"}],"author":[{"embeddable":true,"href":"https:\/\/strafverfahren.de\/index.php?rest_route=\/wp\/v2\/users\/1"}],"replies":[{"embeddable":true,"href":"https:\/\/strafverfahren.de\/index.php?rest_route=%2Fwp%2Fv2%2Fcomments&post=5"}],"version-history":[{"count":34,"href":"https:\/\/strafverfahren.de\/index.php?rest_route=\/wp\/v2\/pages\/5\/revisions"}],"predecessor-version":[{"id":502,"href":"https:\/\/strafverfahren.de\/index.php?rest_route=\/wp\/v2\/pages\/5\/revisions\/502"}],"wp:attachment":[{"href":"https:\/\/strafverfahren.de\/index.php?rest_route=%2Fwp%2Fv2%2Fmedia&parent=5"}],"curies":[{"name":"wp","href":"https:\/\/api.w.org\/{rel}","templated":true}]}}