{"id":18,"date":"2019-12-26T09:44:35","date_gmt":"2019-12-26T09:44:35","guid":{"rendered":"http:\/\/strafverfahren.de\/?page_id=18"},"modified":"2020-10-09T06:35:17","modified_gmt":"2020-10-09T06:35:17","slug":"impressum-und-datenschutz","status":"publish","type":"page","link":"https:\/\/strafverfahren.de\/?page_id=18","title":{"rendered":"Impressum"},"content":{"rendered":"\n<p><strong>Impressum<\/strong><\/p>\n\n\n\n<p>Betreiber und Anbieter dieser Seite ist <\/p>\n\n\n\n<p>Herr Rechtsanwalt Dirk Aue<br>Neanderstra\u00dfe 76<br>40699 Erkrath<\/p>\n\n\n\n<p>Die Berufsaufsicht unterliegt der Rechtsanwaltskammer D\u00fcsseldorf,  Freiligrathstra\u00dfe 25, 40479 D\u00fcsseldorf, <a href=\"https:\/\/www.rechtsanwaltskammer-duesseldorf.de\">www.rechtsanwaltskammer-duesseldorf.de<\/a><\/p>\n\n\n\n<p>Die f\u00fcr Rechtsanw\u00e4lte ma\u00dfgeblichen berufsrechtlichen Regelungen k\u00f6nnen Sie \u00fcber die Homepage der Bundesrechtsanwaltskammer in der Rubrik &#8222;<a href=\"https:\/\/brak.de\/fuer-anwaelte\/berufsrecht\/\">Berufsrecht<\/a>&#8220; einsehen und abrufen.<\/p>\n\n\n\n<p>Die nach \u00a7 51 BRAO obligatorische  Berufshaftpflichtversicherung besteht bei der HDI Versicherung AG, 30650 Hannover und  umfasst T\u00e4tigkeiten in der Bundesrepublik Deutschland. <\/p>\n\n\n\n<p><\/p>\n","protected":false},"excerpt":{"rendered":"<p>Impressum Betreiber und Anbieter dieser Seite ist Herr Rechtsanwalt Dirk AueNeanderstra\u00dfe 7640699 Erkrath Die Berufsaufsicht unterliegt der Rechtsanwaltskammer D\u00fcsseldorf, Freiligrathstra\u00dfe 25, 40479 D\u00fcsseldorf, www.rechtsanwaltskammer-duesseldorf.de Die f\u00fcr Rechtsanw\u00e4lte ma\u00dfgeblichen berufsrechtlichen Regelungen k\u00f6nnen Sie \u00fcber die Homepage der Bundesrechtsanwaltskammer in der Rubrik &#8222;Berufsrecht&#8220; einsehen und abrufen. Die nach \u00a7 51 BRAO obligatorische Berufshaftpflichtversicherung besteht bei der HDI &hellip; <\/p>\n<p class=\"link-more\"><a href=\"https:\/\/strafverfahren.de\/?page_id=18\" class=\"more-link\"><span class=\"screen-reader-text\">\u201eImpressum\u201c <\/span>weiterlesen<\/a><\/p>\n","protected":false},"author":1,"featured_media":0,"parent":0,"menu_order":0,"comment_status":"closed","ping_status":"closed","template":"","meta":{"footnotes":""},"class_list":["post-18","page","type-page","status-publish","hentry","entry"],"_links":{"self":[{"href":"https:\/\/strafverfahren.de\/index.php?rest_route=\/wp\/v2\/pages\/18","targetHints":{"allow":["GET"]}}],"collection":[{"href":"https:\/\/strafverfahren.de\/index.php?rest_route=\/wp\/v2\/pages"}],"about":[{"href":"https:\/\/strafverfahren.de\/index.php?rest_route=\/wp\/v2\/types\/page"}],"author":[{"embeddable":true,"href":"https:\/\/strafverfahren.de\/index.php?rest_route=\/wp\/v2\/users\/1"}],"replies":[{"embeddable":true,"href":"https:\/\/strafverfahren.de\/index.php?rest_route=%2Fwp%2Fv2%2Fcomments&post=18"}],"version-history":[{"count":5,"href":"https:\/\/strafverfahren.de\/index.php?rest_route=\/wp\/v2\/pages\/18\/revisions"}],"predecessor-version":[{"id":396,"href":"https:\/\/strafverfahren.de\/index.php?rest_route=\/wp\/v2\/pages\/18\/revisions\/396"}],"wp:attachment":[{"href":"https:\/\/strafverfahren.de\/index.php?rest_route=%2Fwp%2Fv2%2Fmedia&parent=18"}],"curies":[{"name":"wp","href":"https:\/\/api.w.org\/{rel}","templated":true}]}}